{"id":4010,"date":"2023-11-08T14:52:39","date_gmt":"2023-11-08T14:52:39","guid":{"rendered":"https:\/\/skifamily.es\/?page_id=4010"},"modified":"2023-11-17T10:58:02","modified_gmt":"2023-11-17T10:58:02","slug":"raquetes-de-neve","status":"publish","type":"page","link":"https:\/\/skifamily.es\/pt-br\/raquetes-de-neve\/","title":{"rendered":"Raquetes de neve"},"content":{"rendered":"<p>[et_pb_section fb_built=&#8221;1&#8243; admin_label=&#8221;section&#8221; _builder_version=&#8221;4.23.1&#8243; background_color=&#8221;rgba(255,255,255,0.77)&#8221; global_colors_info=&#8221;{}&#8221;][et_pb_row column_structure=&#8221;3_5,2_5&#8243; admin_label=&#8221;row&#8221; _builder_version=&#8221;4.16&#8243; background_size=&#8221;initial&#8221; background_position=&#8221;top_left&#8221; background_repeat=&#8221;repeat&#8221; global_colors_info=&#8221;{}&#8221;][et_pb_column type=&#8221;3_5&#8243; _builder_version=&#8221;4.16&#8243; custom_padding=&#8221;|||&#8221; global_colors_info=&#8221;{}&#8221; custom_padding__hover=&#8221;|||&#8221;][et_pb_text admin_label=&#8221;Text&#8221; _builder_version=&#8221;4.23.1&#8243; background_size=&#8221;initial&#8221; background_position=&#8221;top_left&#8221; background_repeat=&#8221;repeat&#8221; global_colors_info=&#8221;{}&#8221;]<\/p>\n<h1>PASSEIO DE NEVE NO VAL D&#8217;ARAN, &#8230; UM VALE PRIVILEGIADO!<\/h1>\n<p>Se gosta de caminhadas, a melhor op\u00e7\u00e3o para continuar a pratic\u00e1-la no inverno \u00e9 o passeio com raquetes de neve, uma atividade perfeita para fazer em fam\u00edlia, amigos e adequada para todas as idades. As raquetes de neve permitem-nos aceder com alguma facilidade a locais solit\u00e1rios, caminhar entre \u00e1rvores carregadas de neve, desfrutar de amplas vistas panor\u00e2micas e descobrir lagos congelados. Aprenda connosco as t\u00e9cnicas b\u00e1sicas de progress\u00e3o, curiosidades do mundo da neve e da hist\u00f3ria do vale. Viva uma experi\u00eancia fant\u00e1stica no Val d&#8217;Aran.<\/p>\n<p>Pequenos grupos de no m\u00e1ximo. 6 pessoas para lhe oferecer a mais alta qualidade e aten\u00e7\u00e3o durante a excurs\u00e3o.<\/p>\n<p>[\/et_pb_text][\/et_pb_column][et_pb_column type=&#8221;2_5&#8243; _builder_version=&#8221;4.16&#8243; custom_padding=&#8221;|||&#8221; global_colors_info=&#8221;{}&#8221; custom_padding__hover=&#8221;|||&#8221;][et_pb_image src=&#8221;https:\/\/skifamily.es\/wp-content\/uploads\/2023\/11\/raquetas-de-nieve-3.jpg&#8221; title_text=&#8221;raquetas-de-nieve-3&#8243; _builder_version=&#8221;4.23.1&#8243; _module_preset=&#8221;default&#8221; global_colors_info=&#8221;{}&#8221;][\/et_pb_image][\/et_pb_column][\/et_pb_row][et_pb_row column_structure=&#8221;2_5,3_5&#8243; _builder_version=&#8221;4.23.1&#8243; _module_preset=&#8221;default&#8221; global_colors_info=&#8221;{}&#8221;][et_pb_column type=&#8221;2_5&#8243; _builder_version=&#8221;4.23.1&#8243; _module_preset=&#8221;default&#8221; global_colors_info=&#8221;{}&#8221;][et_pb_image src=&#8221;https:\/\/skifamily.es\/wp-content\/uploads\/2023\/11\/raquetas-de-nieve-4.jpg&#8221; title_text=&#8221;raquetas-de-nieve-4&#8243; _builder_version=&#8221;4.23.1&#8243; _module_preset=&#8221;default&#8221; global_colors_info=&#8221;{}&#8221;][\/et_pb_image][\/et_pb_column][et_pb_column type=&#8221;3_5&#8243; _builder_version=&#8221;4.23.1&#8243; _module_preset=&#8221;default&#8221; background_color=&#8221;#f4f4f4&#8243; custom_padding=&#8221;20px|20px|20px|20px|false|false&#8221; global_colors_info=&#8221;{}&#8221;][et_pb_text admin_label=&#8221;Text&#8221; _builder_version=&#8221;4.23.1&#8243; background_size=&#8221;initial&#8221; background_position=&#8221;top_left&#8221; background_repeat=&#8221;repeat&#8221; global_colors_info=&#8221;{}&#8221;]<\/p>\n<h2>PRE\u00c7O \/ N\u00b0DOS PARTICIPANTES:<\/h2>\n<p>Pre\u00e7o: 55,00\u20ac\/Pessoa.<br \/>Grupos pequenos: M\u00edn. 4 \/ M\u00e1x. 6 pessoas Caso n\u00e3o tenha raquetes, n\u00f3s as alugaremos e levaremos at\u00e9 o ponto de encontro. Voc\u00ea n\u00e3o precisa se preocupar com nada, apenas aproveite a experi\u00eancia!<br \/>Custo adicional: 10.-\u20ac\/Pessoa (raquetes e bast\u00f5es).<\/p>\n<p>[\/et_pb_text][et_pb_button button_url=&#8221;https:\/\/skifamily.es\/pt-br\/contato\/&#8221; button_text=&#8221;RESERVA&#8221; button_alignment=&#8221;left&#8221; _builder_version=&#8221;4.23.1&#8243; _module_preset=&#8221;default&#8221; custom_button=&#8221;on&#8221; button_text_size=&#8221;16px&#8221; button_bg_color=&#8221;#cccccc&#8221; button_border_width=&#8221;0px&#8221; button_border_radius=&#8221;10px&#8221; button_use_icon=&#8221;off&#8221; background_layout=&#8221;dark&#8221; custom_margin=&#8221;20px||||false|false&#8221; custom_padding=&#8221;8px|35px|8px|35px|true|true&#8221; hover_enabled=&#8221;0&#8243; locked=&#8221;off&#8221; global_colors_info=&#8221;{}&#8221; theme_builder_area=&#8221;post_content&#8221; sticky_enabled=&#8221;0&#8243;][\/et_pb_button][\/et_pb_column][\/et_pb_row][et_pb_row column_structure=&#8221;1_3,1_3,1_3&#8243; _builder_version=&#8221;4.23.1&#8243; _module_preset=&#8221;default&#8221; global_colors_info=&#8221;{}&#8221;][et_pb_column type=&#8221;1_3&#8243; _builder_version=&#8221;4.23.1&#8243; _module_preset=&#8221;default&#8221; global_colors_info=&#8221;{}&#8221;][et_pb_text admin_label=&#8221;Text&#8221; _builder_version=&#8221;4.23.1&#8243; background_size=&#8221;initial&#8221; background_position=&#8221;top_left&#8221; background_repeat=&#8221;repeat&#8221; global_colors_info=&#8221;{}&#8221;]<\/p>\n<h2>DURA\u00c7\u00c3O \/ HOR\u00c1RIO:<\/h2>\n<p>A dura\u00e7\u00e3o da atividade \u00e9 de aproximadamente 3 horas Hor\u00e1rio: 9h30 \u00e0s 12h30 e 14h00 \u00e0s 17h00. Eleva\u00e7\u00e3o: aprox. 300 metros Dist\u00e2ncia: aprox. 6,00 km.<\/p>\n<p>[\/et_pb_text][\/et_pb_column][et_pb_column type=&#8221;1_3&#8243; _builder_version=&#8221;4.23.1&#8243; _module_preset=&#8221;default&#8221; global_colors_info=&#8221;{}&#8221;][et_pb_text admin_label=&#8221;Text&#8221; _builder_version=&#8221;4.23.1&#8243; background_size=&#8221;initial&#8221; background_position=&#8221;top_left&#8221; background_repeat=&#8221;repeat&#8221; global_colors_info=&#8221;{}&#8221;]<\/p>\n<h2>INCLUI:<\/h2>\n<ul>\n<li>Guia certificado de Mid-Mountain com acredita\u00e7\u00e3o internacional UIMLA.<\/li>\n<li>Seguro de Responsabilidade Civil Profissional.<\/li>\n<li>Seguro de acidentes para participantes.<\/li>\n<li>Breve curso introdut\u00f3rio \u00e0s t\u00e9cnicas com raquetes de neve.<\/li>\n<\/ul>\n<p>[\/et_pb_text][\/et_pb_column][et_pb_column type=&#8221;1_3&#8243; _builder_version=&#8221;4.23.1&#8243; _module_preset=&#8221;default&#8221; global_colors_info=&#8221;{}&#8221;][et_pb_text admin_label=&#8221;Text&#8221; _builder_version=&#8221;4.23.1&#8243; background_size=&#8221;initial&#8221; background_position=&#8221;top_left&#8221; background_repeat=&#8221;repeat&#8221; global_colors_info=&#8221;{}&#8221;]<\/p>\n<h2>N\u00c3O INCLUI:<\/h2>\n<ul>\n<li>Transporte at\u00e9 o ponto de encontro.<\/li>\n<li>Raquetes e bast\u00f5es (custo adicional: 10.-\u20ac\/Pessoa)<\/li>\n<\/ul>\n<p>[\/et_pb_text][\/et_pb_column][\/et_pb_row][et_pb_row use_custom_gutter=&#8221;on&#8221; gutter_width=&#8221;2&#8243; _builder_version=&#8221;4.23.1&#8243; _module_preset=&#8221;default&#8221; global_colors_info=&#8221;{}&#8221;][et_pb_column type=&#8221;4_4&#8243; _builder_version=&#8221;4.23.1&#8243; _module_preset=&#8221;default&#8221; global_colors_info=&#8221;{}&#8221;][et_pb_gallery gallery_ids=&#8221;4026,4029,4038,4041&#8243; show_title_and_caption=&#8221;off&#8221; show_pagination=&#8221;off&#8221; _builder_version=&#8221;4.23.1&#8243; _module_preset=&#8221;default&#8221; global_colors_info=&#8221;{}&#8221;][\/et_pb_gallery][\/et_pb_column][\/et_pb_row][\/et_pb_section]<\/p>\n","protected":false},"excerpt":{"rendered":"<p>PASSEIO DE NEVE NO VAL D&#8217;ARAN, &#8230; UM VALE PRIVILEGIADO! Se gosta de caminhadas, a melhor op\u00e7\u00e3o para continuar a pratic\u00e1-la no inverno \u00e9 o passeio com raquetes de neve, uma atividade perfeita para fazer em fam\u00edlia, amigos e adequada para todas as idades. As raquetes de neve permitem-nos aceder com alguma facilidade a locais [&hellip;]<\/p>\n","protected":false},"author":1,"featured_media":0,"parent":0,"menu_order":0,"comment_status":"closed","ping_status":"closed","template":"","meta":{"_et_pb_use_builder":"on","_et_pb_old_content":"\u00a0\r\n\r\n<menu id=\"fcltHTML5Menu1\" type=\"context\"><\/menu>","_et_gb_content_width":"","footnotes":""},"tags":[],"class_list":["post-4010","page","type-page","status-publish","hentry"],"_links":{"self":[{"href":"https:\/\/skifamily.es\/pt-br\/wp-json\/wp\/v2\/pages\/4010","targetHints":{"allow":["GET"]}}],"collection":[{"href":"https:\/\/skifamily.es\/pt-br\/wp-json\/wp\/v2\/pages"}],"about":[{"href":"https:\/\/skifamily.es\/pt-br\/wp-json\/wp\/v2\/types\/page"}],"author":[{"embeddable":true,"href":"https:\/\/skifamily.es\/pt-br\/wp-json\/wp\/v2\/users\/1"}],"replies":[{"embeddable":true,"href":"https:\/\/skifamily.es\/pt-br\/wp-json\/wp\/v2\/comments?post=4010"}],"version-history":[{"count":0,"href":"https:\/\/skifamily.es\/pt-br\/wp-json\/wp\/v2\/pages\/4010\/revisions"}],"wp:attachment":[{"href":"https:\/\/skifamily.es\/pt-br\/wp-json\/wp\/v2\/media?parent=4010"}],"wp:term":[{"taxonomy":"post_tag","embeddable":true,"href":"https:\/\/skifamily.es\/pt-br\/wp-json\/wp\/v2\/tags?post=4010"}],"curies":[{"name":"wp","href":"https:\/\/api.w.org\/{rel}","templated":true}]}}