{"id":382,"date":"2017-09-11T09:12:25","date_gmt":"2017-09-11T09:12:25","guid":{"rendered":"https:\/\/skifamily.es\/?page_id=382"},"modified":"2024-09-10T12:28:15","modified_gmt":"2024-09-10T12:28:15","slug":"prova-acesso-baqueira-beret","status":"publish","type":"page","link":"https:\/\/skifamily.es\/pt-br\/prova-acesso-baqueira-beret\/","title":{"rendered":"Testes de acesso de esqui ou snowboard"},"content":{"rendered":"<p>[et_pb_section fb_built=&#8221;1&#8243; _builder_version=&#8221;4.16&#8243; _module_preset=&#8221;default&#8221; global_colors_info=&#8221;{}&#8221;][et_pb_row column_structure=&#8221;3_5,2_5&#8243; _builder_version=&#8221;4.16&#8243; _module_preset=&#8221;default&#8221; global_colors_info=&#8221;{}&#8221;][et_pb_column type=&#8221;3_5&#8243; _builder_version=&#8221;4.16&#8243; _module_preset=&#8221;default&#8221; global_colors_info=&#8221;{}&#8221;][et_pb_text _builder_version=&#8221;4.27.0&#8243; _module_preset=&#8221;default&#8221; hover_enabled=&#8221;0&#8243; global_colors_info=&#8221;{}&#8221; sticky_enabled=&#8221;0&#8243;]<\/p>\n<h1>Prova de acesso esqui<\/h1>\n<p>As montanhas Baqueira-Beret ou Sierra Nevada s\u00e3o \u00f3timas para preparar seus testes de acesso ao esqui. Nossa equipe t\u00e9cnica especializada em tecnologia oferece suas mais de 20 temporadas de experi\u00eancia. Buscaremos preparar os requisitos que demandam no esqui alpino, que s\u00e3o: uma descida livre de raio m\u00e9dio, uma descida livre com mudan\u00e7as de ritmo e superar um slalom gigante em um determinado tempo. O material recomendado para uso em dias t\u00e9cnicos e testes de acesso \u00e9 um esqui slalom. Conosco voc\u00ea chegar\u00e1 com garantias de passar nos testes e depois treinar nos diferentes centros de treinamento<\/p>\n<p>[\/et_pb_text][et_pb_button button_url=&#8221;https:\/\/skifamily.es\/pt-br\/contato\/&#8221; button_text=&#8221;Solicitar Cota\u00e7\u00e3o&#8221; button_alignment=&#8221;left&#8221; _builder_version=&#8221;4.16&#8243; _module_preset=&#8221;default&#8221; custom_button=&#8221;on&#8221; button_text_size=&#8221;16px&#8221; button_bg_color=&#8221;#cccccc&#8221; button_border_width=&#8221;0px&#8221; button_border_radius=&#8221;10px&#8221; button_use_icon=&#8221;off&#8221; background_layout=&#8221;dark&#8221; custom_margin=&#8221;20px||||false|false&#8221; custom_padding=&#8221;8px|35px|8px|35px|true|true&#8221; locked=&#8221;off&#8221; global_colors_info=&#8221;{}&#8221;][\/et_pb_button][\/et_pb_column][et_pb_column type=&#8221;2_5&#8243; _builder_version=&#8221;4.16&#8243; _module_preset=&#8221;default&#8221; global_colors_info=&#8221;{}&#8221;][et_pb_slider show_arrows=&#8221;off&#8221; _builder_version=&#8221;4.16&#8243; _module_preset=&#8221;default&#8221; auto=&#8221;on&#8221; global_colors_info=&#8221;{}&#8221;][et_pb_slide image=&#8221;https:\/\/skifamily.es\/wp-content\/uploads\/2017\/10\/freeride-1.png&#8221; _builder_version=&#8221;4.16&#8243; _module_preset=&#8221;default&#8221; background_enable_color=&#8221;off&#8221; global_colors_info=&#8221;{}&#8221; sticky_transition=&#8221;on&#8221;][\/et_pb_slide][et_pb_slide image=&#8221;https:\/\/skifamily.es\/wp-content\/uploads\/2017\/10\/freeride-3.jpg&#8221; _builder_version=&#8221;4.16&#8243; _module_preset=&#8221;default&#8221; background_enable_color=&#8221;off&#8221; global_colors_info=&#8221;{}&#8221; sticky_transition=&#8221;on&#8221;][\/et_pb_slide][et_pb_slide image=&#8221;https:\/\/skifamily.es\/wp-content\/uploads\/2017\/01\/2.jpeg&#8221; _builder_version=&#8221;4.16&#8243; _module_preset=&#8221;default&#8221; background_enable_color=&#8221;off&#8221; global_colors_info=&#8221;{}&#8221; sticky_transition=&#8221;on&#8221;][\/et_pb_slide][\/et_pb_slider][\/et_pb_column][\/et_pb_row][et_pb_row column_structure=&#8221;3_5,2_5&#8243; _builder_version=&#8221;4.16&#8243; _module_preset=&#8221;default&#8221; global_colors_info=&#8221;{}&#8221;][et_pb_column type=&#8221;3_5&#8243; _builder_version=&#8221;4.16&#8243; _module_preset=&#8221;default&#8221; global_colors_info=&#8221;{}&#8221;][et_pb_text _builder_version=&#8221;4.16&#8243; _module_preset=&#8221;default&#8221; global_colors_info=&#8221;{}&#8221;]<\/p>\n<h2>Prova de acesso snowboard.<\/h2>\n<p>Se voc\u00ea quiser aceder aos cursos de forma\u00e7\u00e3o de snowboard, primeiro voc\u00ea ter\u00e1 que passar pelos testes de acesso, \u00e9 por isso que somos o seu primeiro passo nesta aventura de se tornar um professor de snowboard. A equipa t\u00e9cnica trabalhar\u00e1 consigo nos dias t\u00e9cnicos os requisitos do teste de acesso, que s\u00e3o os seguintes: uma descida livre de raio m\u00e9dio na pista de piso, uma descida livre em pista n\u00e3o lida e superar um slalom gigante em determinado tempo. O material recomendado para dias t\u00e9cnicos e testes de acesso \u00e9 uma tabela com uma flex\u00e3o m\u00e9dia. Pe\u00e7a-nos mais informa\u00e7\u00f5es se pretende chegar ao dia do teste da garantia.<\/p>\n<p>[\/et_pb_text][et_pb_button button_url=&#8221;https:\/\/skifamily.es\/pt-br\/contato\/&#8221; button_text=&#8221;Solicitar Cota\u00e7\u00e3o&#8221; button_alignment=&#8221;left&#8221; _builder_version=&#8221;4.16&#8243; _module_preset=&#8221;default&#8221; custom_button=&#8221;on&#8221; button_text_size=&#8221;16px&#8221; button_bg_color=&#8221;#cccccc&#8221; button_border_width=&#8221;0px&#8221; button_border_radius=&#8221;10px&#8221; button_use_icon=&#8221;off&#8221; background_layout=&#8221;dark&#8221; custom_margin=&#8221;20px||||false|false&#8221; custom_padding=&#8221;8px|35px|8px|35px|true|true&#8221; locked=&#8221;off&#8221; global_colors_info=&#8221;{}&#8221;][\/et_pb_button][\/et_pb_column][et_pb_column type=&#8221;2_5&#8243; _builder_version=&#8221;4.16&#8243; _module_preset=&#8221;default&#8221; global_colors_info=&#8221;{}&#8221;][et_pb_slider show_arrows=&#8221;off&#8221; _builder_version=&#8221;4.16&#8243; _module_preset=&#8221;default&#8221; auto=&#8221;on&#8221; global_colors_info=&#8221;{}&#8221;][et_pb_slide image=&#8221;https:\/\/skifamily.es\/wp-content\/uploads\/2019\/05\/clases-de-snowboard-Baqueira.jpg&#8221; _builder_version=&#8221;4.16&#8243; _module_preset=&#8221;default&#8221; background_enable_color=&#8221;off&#8221; global_colors_info=&#8221;{}&#8221; sticky_transition=&#8221;on&#8221;][\/et_pb_slide][et_pb_slide image=&#8221;https:\/\/skifamily.es\/wp-content\/uploads\/2017\/10\/race-2.jpg&#8221; _builder_version=&#8221;4.16&#8243; _module_preset=&#8221;default&#8221; background_enable_color=&#8221;off&#8221; global_colors_info=&#8221;{}&#8221; sticky_transition=&#8221;on&#8221;][\/et_pb_slide][et_pb_slide image=&#8221;https:\/\/skifamily.es\/wp-content\/uploads\/2017\/12\/baqueira-base.jpg&#8221; _builder_version=&#8221;4.16&#8243; _module_preset=&#8221;default&#8221; background_enable_color=&#8221;off&#8221; global_colors_info=&#8221;{}&#8221; sticky_transition=&#8221;on&#8221;][\/et_pb_slide][\/et_pb_slider][\/et_pb_column][\/et_pb_row][\/et_pb_section]<\/p>\n","protected":false},"excerpt":{"rendered":"<p>Prova de acesso esqui As montanhas Baqueira-Beret ou Sierra Nevada s\u00e3o \u00f3timas para preparar seus testes de acesso ao esqui. Nossa equipe t\u00e9cnica especializada em tecnologia oferece suas mais de 20 temporadas de experi\u00eancia. Buscaremos preparar os requisitos que demandam no esqui alpino, que s\u00e3o: uma descida livre de raio m\u00e9dio, uma descida livre com [&hellip;]<\/p>\n","protected":false},"author":1,"featured_media":485,"parent":0,"menu_order":0,"comment_status":"closed","ping_status":"closed","template":"","meta":{"_et_pb_use_builder":"on","_et_pb_old_content":"","_et_gb_content_width":"","footnotes":""},"tags":[],"class_list":["post-382","page","type-page","status-publish","has-post-thumbnail","hentry"],"_links":{"self":[{"href":"https:\/\/skifamily.es\/pt-br\/wp-json\/wp\/v2\/pages\/382","targetHints":{"allow":["GET"]}}],"collection":[{"href":"https:\/\/skifamily.es\/pt-br\/wp-json\/wp\/v2\/pages"}],"about":[{"href":"https:\/\/skifamily.es\/pt-br\/wp-json\/wp\/v2\/types\/page"}],"author":[{"embeddable":true,"href":"https:\/\/skifamily.es\/pt-br\/wp-json\/wp\/v2\/users\/1"}],"replies":[{"embeddable":true,"href":"https:\/\/skifamily.es\/pt-br\/wp-json\/wp\/v2\/comments?post=382"}],"version-history":[{"count":0,"href":"https:\/\/skifamily.es\/pt-br\/wp-json\/wp\/v2\/pages\/382\/revisions"}],"wp:featuredmedia":[{"embeddable":true,"href":"https:\/\/skifamily.es\/pt-br\/wp-json\/wp\/v2\/media\/485"}],"wp:attachment":[{"href":"https:\/\/skifamily.es\/pt-br\/wp-json\/wp\/v2\/media?parent=382"}],"wp:term":[{"taxonomy":"post_tag","embeddable":true,"href":"https:\/\/skifamily.es\/pt-br\/wp-json\/wp\/v2\/tags?post=382"}],"curies":[{"name":"wp","href":"https:\/\/api.w.org\/{rel}","templated":true}]}}