{"id":275,"date":"2017-01-31T09:02:32","date_gmt":"2017-01-31T09:02:32","guid":{"rendered":"https:\/\/skifamily.es\/index.php\/alquiler\/"},"modified":"2024-09-10T12:21:49","modified_gmt":"2024-09-10T12:21:49","slug":"aluguel-do-equipamento-em-baqueira-beret","status":"publish","type":"page","link":"https:\/\/skifamily.es\/pt-br\/aluguel-do-equipamento-em-baqueira-beret\/","title":{"rendered":"Aluguel de equipamentos em Baqueira Beret"},"content":{"rendered":"<p>[et_pb_section fb_built=&#8221;1&#8243; _builder_version=&#8221;4.16&#8243; _module_preset=&#8221;default&#8221; locked=&#8221;off&#8221; global_colors_info=&#8221;{}&#8221;][et_pb_row _builder_version=&#8221;4.27.0&#8243; _module_preset=&#8221;default&#8221;][et_pb_column _builder_version=&#8221;4.27.0&#8243; _module_preset=&#8221;default&#8221; type=&#8221;4_4&#8243;][et_pb_text _builder_version=&#8221;4.27.0&#8243; _module_preset=&#8221;default&#8221; hover_enabled=&#8221;0&#8243; sticky_enabled=&#8221;0&#8243;]<\/p>\n<h1>Aluguel de equipamentos em Baqueira Beret<\/h1>\n<p>[\/et_pb_text][\/et_pb_column][\/et_pb_row][et_pb_row column_structure=&#8221;3_4,1_4&#8243; _builder_version=&#8221;4.16&#8243; _module_preset=&#8221;default&#8221; global_colors_info=&#8221;{}&#8221;][et_pb_column type=&#8221;3_4&#8243; _builder_version=&#8221;4.16&#8243; _module_preset=&#8221;default&#8221; global_colors_info=&#8221;{}&#8221;][et_pb_text _builder_version=&#8221;4.16&#8243; _module_preset=&#8221;default&#8221; global_colors_info=&#8221;{}&#8221;]<\/p>\n<p>Aluguel do equipamento de esqu\u00ed e snowboard em Baqueira. Aluga o melhor material do vale para desfrutar da neve. Material renovado ano ap\u00f3s ano como a ilus\u00e3o de que n\u00f3s sentimos. Recebe um desconto de 15% no aluguer de equipamentos ao contratar nossas aulas de esqui ou snowboard.<\/p>\n<p>[\/et_pb_text][et_pb_image src=&#8221;https:\/\/skifamily.es\/wp-content\/uploads\/2015\/12\/SF_RENTAL.jpg&#8221; title_text=&#8221;SF_RENTAL&#8221; _builder_version=&#8221;4.16&#8243; _module_preset=&#8221;default&#8221; global_colors_info=&#8221;{}&#8221;][\/et_pb_image][\/et_pb_column][et_pb_column type=&#8221;1_4&#8243; _builder_version=&#8221;4.16&#8243; _module_preset=&#8221;default&#8221; background_color=&#8221;#fcfcfc&#8221; custom_padding=&#8221;15px||15px||true|false&#8221; global_colors_info=&#8221;{}&#8221;][et_pb_image src=&#8221;https:\/\/skifamily.es\/wp-content\/uploads\/2020\/12\/alquiler-esqui-sierra-nevada.png&#8221; title_text=&#8221;alquiler esqui sierra nevada&#8221; _builder_version=&#8221;4.16&#8243; _module_preset=&#8221;default&#8221; global_colors_info=&#8221;{}&#8221;][\/et_pb_image][et_pb_text _builder_version=&#8221;4.16&#8243; _module_preset=&#8221;default&#8221; header_2_font_size=&#8221;40px&#8221; custom_margin=&#8221;0px||6px||false|false&#8221; custom_padding=&#8221;0px||0px||true|false&#8221; global_colors_info=&#8221;{}&#8221;]<\/p>\n<h2 style=\"text-align: center;\">ALUGUEL<\/h2>\n<p>[\/et_pb_text][et_pb_text _builder_version=&#8221;4.16&#8243; _module_preset=&#8221;default&#8221; custom_margin=&#8221;0px||0px||true|false&#8221; custom_padding=&#8221;0px||0px||false|false&#8221; global_colors_info=&#8221;{}&#8221;]<\/p>\n<p style=\"text-align: center;\">MATERIAL DURO<br \/>&#8211; SKI &#8211;<br \/>&#8211; SNOWBOARD &#8211;<\/p>\n<p>[\/et_pb_text][et_pb_button button_url=&#8221;https:\/\/skifamily.es\/reservar-clases-y-equipos\/&#8221; button_text=&#8221;RESERVA&#8221; button_alignment=&#8221;center&#8221; _builder_version=&#8221;4.16&#8243; _module_preset=&#8221;default&#8221; custom_button=&#8221;on&#8221; button_text_size=&#8221;16px&#8221; button_bg_color=&#8221;#cccccc&#8221; button_border_width=&#8221;0px&#8221; button_border_radius=&#8221;10px&#8221; button_use_icon=&#8221;off&#8221; background_layout=&#8221;dark&#8221; custom_margin=&#8221;20px||||false|false&#8221; custom_padding=&#8221;8px|35px|8px|35px|true|true&#8221; global_colors_info=&#8221;{}&#8221;][\/et_pb_button][\/et_pb_column][\/et_pb_row][\/et_pb_section]<\/p>\n","protected":false},"excerpt":{"rendered":"<p>Aluguel de equipamentos em Baqueira BeretAluguel do equipamento de esqu\u00ed e snowboard em Baqueira. Aluga o melhor material do vale para desfrutar da neve. Material renovado ano ap\u00f3s ano como a ilus\u00e3o de que n\u00f3s sentimos. Recebe um desconto de 15% no aluguer de equipamentos ao contratar nossas aulas de esqui ou snowboard.ALUGUELMATERIAL DURO- SKI [&hellip;]<\/p>\n","protected":false},"author":1,"featured_media":263,"parent":0,"menu_order":0,"comment_status":"closed","ping_status":"closed","template":"","meta":{"_et_pb_use_builder":"on","_et_pb_old_content":"","_et_gb_content_width":"","footnotes":""},"tags":[],"class_list":["post-275","page","type-page","status-publish","has-post-thumbnail","hentry"],"_links":{"self":[{"href":"https:\/\/skifamily.es\/pt-br\/wp-json\/wp\/v2\/pages\/275","targetHints":{"allow":["GET"]}}],"collection":[{"href":"https:\/\/skifamily.es\/pt-br\/wp-json\/wp\/v2\/pages"}],"about":[{"href":"https:\/\/skifamily.es\/pt-br\/wp-json\/wp\/v2\/types\/page"}],"author":[{"embeddable":true,"href":"https:\/\/skifamily.es\/pt-br\/wp-json\/wp\/v2\/users\/1"}],"replies":[{"embeddable":true,"href":"https:\/\/skifamily.es\/pt-br\/wp-json\/wp\/v2\/comments?post=275"}],"version-history":[{"count":0,"href":"https:\/\/skifamily.es\/pt-br\/wp-json\/wp\/v2\/pages\/275\/revisions"}],"wp:featuredmedia":[{"embeddable":true,"href":"https:\/\/skifamily.es\/pt-br\/wp-json\/wp\/v2\/media\/263"}],"wp:attachment":[{"href":"https:\/\/skifamily.es\/pt-br\/wp-json\/wp\/v2\/media?parent=275"}],"wp:term":[{"taxonomy":"post_tag","embeddable":true,"href":"https:\/\/skifamily.es\/pt-br\/wp-json\/wp\/v2\/tags?post=275"}],"curies":[{"name":"wp","href":"https:\/\/api.w.org\/{rel}","templated":true}]}}