{"id":266,"date":"2017-01-31T08:56:06","date_gmt":"2017-01-31T08:56:06","guid":{"rendered":"https:\/\/skifamily.es\/index.php\/dia-exclusivo\/"},"modified":"2025-11-21T09:47:04","modified_gmt":"2025-11-21T08:47:04","slug":"dia-exclusive","status":"publish","type":"page","link":"https:\/\/skifamily.es\/pt-br\/dia-exclusive\/","title":{"rendered":"D\u00eda Completo.Clases privadas en Baqueira-Beret"},"content":{"rendered":"<p>[et_pb_section fb_built=&#8221;1&#8243; _builder_version=&#8221;4.16&#8243; _module_preset=&#8221;default&#8221; background_color=&#8221;RGBA(0,0,0,0)&#8221; global_colors_info=&#8221;{}&#8221;][et_pb_row _builder_version=&#8221;4.27.0&#8243; _module_preset=&#8221;default&#8221; global_colors_info=&#8221;{}&#8221;][et_pb_column type=&#8221;4_4&#8243; _builder_version=&#8221;4.27.0&#8243; _module_preset=&#8221;default&#8221; global_colors_info=&#8221;{}&#8221;][et_pb_text _builder_version=&#8221;4.27.0&#8243; _module_preset=&#8221;default&#8221; global_colors_info=&#8221;{}&#8221;]<\/p>\n<h1>Dia completo<\/h1>\n<p>[\/et_pb_text][\/et_pb_column][\/et_pb_row][et_pb_row column_structure=&#8221;3_4,1_4&#8243; _builder_version=&#8221;4.16&#8243; _module_preset=&#8221;default&#8221; global_colors_info=&#8221;{}&#8221;][et_pb_column type=&#8221;3_4&#8243; _builder_version=&#8221;4.16&#8243; _module_preset=&#8221;default&#8221; global_colors_info=&#8221;{}&#8221;][et_pb_image src=&#8221;https:\/\/skifamily.es\/wp-content\/uploads\/2017\/01\/marcelo-2-e1486549075513.png&#8221; title_text=&#8221;marcelo 2&#8243; _builder_version=&#8221;4.16&#8243; _module_preset=&#8221;default&#8221; global_colors_info=&#8221;{}&#8221;][\/et_pb_image][et_pb_text _builder_version=&#8221;4.16&#8243; _module_preset=&#8221;default&#8221; global_colors_info=&#8221;{}&#8221;]<\/p>\n<p>N\u00f3s oferecemos um servi\u00e7o feito \u00e0 medida onde o protagonista principal \u00e9 voc\u00ea.Nos Recepcionamos voc\u00eas no seu hotel, fazemos uma de v\u00eddeo corre\u00e7\u00e3o da sua classe, material premium, ponto de encontro \u00e0 escolha do cliente, reservas dos restaurante. S\u00e3o alguns dos detalhes deste servi\u00e7o exclusivo. Um servi\u00e7o personalizado de esqui ou snowboard de dia inteiro em Baqueira-Beret, no cora\u00e7\u00e3o dos Piren\u00e9us.<\/p>\n<p>100% Aventura. 200% skifamily. Aventura, montanha, neve &#8230; Em Baqueira Beret &#8230; Mais do que as classes!<\/p>\n<p>[\/et_pb_text][\/et_pb_column][et_pb_column type=&#8221;1_4&#8243; _builder_version=&#8221;4.16&#8243; _module_preset=&#8221;default&#8221; background_color=&#8221;#fcfcfc&#8221; custom_padding=&#8221;15px||15px||true|false&#8221; global_colors_info=&#8221;{}&#8221;][et_pb_image src=&#8221;https:\/\/skifamily.es\/wp-content\/uploads\/2019\/05\/DIA-COMPLETO-CLASES-ESQUI-BAQUEIRA.png&#8221; title_text=&#8221;DIA COMPLETO CLASES ESQUI BAQUEIRA&#8221; align=&#8221;center&#8221; _builder_version=&#8221;4.16&#8243; _module_preset=&#8221;default&#8221; global_colors_info=&#8221;{}&#8221;][\/et_pb_image][et_pb_text _builder_version=&#8221;4.27.4&#8243; _module_preset=&#8221;default&#8221; header_2_font_size=&#8221;40px&#8221; custom_margin=&#8221;0px||6px||false|false&#8221; custom_padding=&#8221;0px||0px||true|false&#8221; hover_enabled=&#8221;0&#8243; global_colors_info=&#8221;{}&#8221; sticky_enabled=&#8221;0&#8243;]<\/p>\n<h2 style=\"text-align: center;\">400\u20ac<\/h2>\n<p>[\/et_pb_text][et_pb_divider color=&#8221;#000000&#8243; _builder_version=&#8221;4.16&#8243; _module_preset=&#8221;default&#8221; width=&#8221;50%&#8221; module_alignment=&#8221;center&#8221; custom_margin=&#8221;||0px||false|false&#8221; custom_padding=&#8221;||0px||false|false&#8221; global_colors_info=&#8221;{}&#8221;][\/et_pb_divider][et_pb_text _builder_version=&#8221;4.16&#8243; _module_preset=&#8221;default&#8221; custom_margin=&#8221;0px||0px||true|false&#8221; custom_padding=&#8221;0px||0px||false|false&#8221; global_colors_info=&#8221;{}&#8221;]<\/p>\n<p style=\"text-align: center;\"><strong>M\u00e1ximo 4 pessoas <br \/><\/strong>Dura\u00e7\u00e3o: 8 horas <\/p>\n<p>[\/et_pb_text][et_pb_button button_url=&#8221;https:\/\/skifamily.es\/pt-br\/contato\/&#8221; button_text=&#8221;RESERVA&#8221; button_alignment=&#8221;center&#8221; _builder_version=&#8221;4.27.4&#8243; _module_preset=&#8221;default&#8221; custom_button=&#8221;on&#8221; button_border_radius=&#8221;10px&#8221; custom_margin=&#8221;20px||20px||true|false&#8221; custom_padding=&#8221;8px|45px|8px|25px|true|false&#8221; global_colors_info=&#8221;{}&#8221; button_on_hover=&#8221;off&#8221;][\/et_pb_button][\/et_pb_column][\/et_pb_row][\/et_pb_section]<\/p>\n","protected":false},"excerpt":{"rendered":"<p>Dia completoN\u00f3s oferecemos um servi\u00e7o feito \u00e0 medida onde o protagonista principal \u00e9 voc\u00ea.Nos Recepcionamos voc\u00eas no seu hotel, fazemos uma de v\u00eddeo corre\u00e7\u00e3o da sua classe, material premium, ponto de encontro \u00e0 escolha do cliente, reservas dos restaurante. S\u00e3o alguns dos detalhes deste servi\u00e7o exclusivo. Um servi\u00e7o personalizado de esqui ou snowboard de dia [&hellip;]<\/p>\n","protected":false},"author":1,"featured_media":0,"parent":0,"menu_order":0,"comment_status":"closed","ping_status":"closed","template":"","meta":{"_et_pb_use_builder":"on","_et_pb_old_content":"","_et_gb_content_width":"","footnotes":""},"tags":[],"class_list":["post-266","page","type-page","status-publish","hentry"],"_links":{"self":[{"href":"https:\/\/skifamily.es\/pt-br\/wp-json\/wp\/v2\/pages\/266","targetHints":{"allow":["GET"]}}],"collection":[{"href":"https:\/\/skifamily.es\/pt-br\/wp-json\/wp\/v2\/pages"}],"about":[{"href":"https:\/\/skifamily.es\/pt-br\/wp-json\/wp\/v2\/types\/page"}],"author":[{"embeddable":true,"href":"https:\/\/skifamily.es\/pt-br\/wp-json\/wp\/v2\/users\/1"}],"replies":[{"embeddable":true,"href":"https:\/\/skifamily.es\/pt-br\/wp-json\/wp\/v2\/comments?post=266"}],"version-history":[{"count":1,"href":"https:\/\/skifamily.es\/pt-br\/wp-json\/wp\/v2\/pages\/266\/revisions"}],"predecessor-version":[{"id":5945,"href":"https:\/\/skifamily.es\/pt-br\/wp-json\/wp\/v2\/pages\/266\/revisions\/5945"}],"wp:attachment":[{"href":"https:\/\/skifamily.es\/pt-br\/wp-json\/wp\/v2\/media?parent=266"}],"wp:term":[{"taxonomy":"post_tag","embeddable":true,"href":"https:\/\/skifamily.es\/pt-br\/wp-json\/wp\/v2\/tags?post=266"}],"curies":[{"name":"wp","href":"https:\/\/api.w.org\/{rel}","templated":true}]}}