{"id":4333,"date":"2024-03-11T19:02:02","date_gmt":"2024-03-11T19:02:02","guid":{"rendered":"https:\/\/skifamily.es\/?page_id=4333"},"modified":"2024-03-11T19:02:14","modified_gmt":"2024-03-11T19:02:14","slug":"snow-forecast-baqueira","status":"publish","type":"page","link":"https:\/\/skifamily.es\/en\/snow-forecast-baqueira\/","title":{"rendered":"Snow forecast baqueira"},"content":{"rendered":"<p>[et_pb_section fb_built=&#8221;1&#8243; _builder_version=&#8221;4.20.0&#8243; _module_preset=&#8221;default&#8221; global_colors_info=&#8221;{}&#8221;][et_pb_row column_structure=&#8221;3_5,2_5&#8243; _builder_version=&#8221;4.20.0&#8243; _dynamic_attributes=&#8221;background_image&#8221; _module_preset=&#8221;default&#8221; background_color=&#8221;rgba(255,255,255,0.2)&#8221; background_image=&#8221;@ET-DC@eyJkeW5hbWljIjp0cnVlLCJjb250ZW50IjoicG9zdF9mZWF0dXJlZF9pbWFnZSIsInNldHRpbmdzIjp7fX0=@&#8221; background_position=&#8221;bottom_left&#8221; background_blend=&#8221;difference&#8221; global_colors_info=&#8221;{}&#8221;][et_pb_column type=&#8221;3_5&#8243; _builder_version=&#8221;4.20.0&#8243; _module_preset=&#8221;default&#8221; global_colors_info=&#8221;{}&#8221;][et_pb_code _builder_version=&#8221;4.20.0&#8243; _module_preset=&#8221;default&#8221; global_colors_info=&#8221;{}&#8221;]<iframe loading=\"lazy\" id=\"iframe_aemet_id33044\" tabindex=\"0\" src=\"https:\/\/www.aemet.es\/es\/eltiempo\/prediccion\/municipios\/mostrarwidget\/naut-aran-salardu-id25025?w=g4p11111111ovmffffffw552z506x4f86d9t95b6e9r1s8n2\" name=\"iframe_aemet_id33044\" width=\"100%\" height=\"100%\" frameborder=\"0\" scrolling=\"no\" data-mce-fragment=\"1\"><\/iframe>[\/et_pb_code][\/et_pb_column][et_pb_column type=&#8221;2_5&#8243; _builder_version=&#8221;4.20.0&#8243; _module_preset=&#8221;default&#8221; background_color=&#8221;rgba(255,255,255,0.66)&#8221; custom_padding=&#8221;14px|17px||17px|false|false&#8221; global_colors_info=&#8221;{}&#8221;][et_pb_text _builder_version=&#8221;4.24.2&#8243; _module_preset=&#8221;default&#8221; hover_enabled=&#8221;0&#8243; global_colors_info=&#8221;{}&#8221; sticky_enabled=&#8221;0&#8243;]<\/p>\n<h1>The weather in Baqueira Beret<\/h1>\n<p>Baqueira-Beret is one of the most important ski resorts in the Spanish province of Lleida. It offers a wide range of activities and attractions for all tastes. The weather in Baqueira Beret is very peculiar, among others.<\/p>\n<p>The area enjoys an average of 250 days of sunshine a year, making it one of the most popular destinations for a skiing holiday in Spain.<\/p>\n<p>If you want to learn to ski at a <a title=\"ski school baqueira\" href=\"https:\/\/skifamily.es\/en\/\">ski school in Baqueira Beret<\/a>, you&#8217;ll be interested to know what the weather is like in Baqueira Beret.<\/p>\n<p>[\/et_pb_text][\/et_pb_column][\/et_pb_row][et_pb_row column_structure=&#8221;1_3,1_3,1_3&#8243; _builder_version=&#8221;4.20.0&#8243; _module_preset=&#8221;default&#8221; global_colors_info=&#8221;{}&#8221;][et_pb_column type=&#8221;1_3&#8243; _builder_version=&#8221;4.20.0&#8243; _module_preset=&#8221;default&#8221; global_colors_info=&#8221;{}&#8221;][et_pb_image src=&#8221;https:\/\/skifamily.es\/wp-content\/uploads\/2023\/03\/tiempo-baqueira-beret.jpg&#8221; alt=&#8221;tiempo baqueira beret&#8221; title_text=&#8221;tiempo-baqueira-beret&#8221; _builder_version=&#8221;4.20.0&#8243; _module_preset=&#8221;default&#8221; global_colors_info=&#8221;{}&#8221;][\/et_pb_image][\/et_pb_column][et_pb_column type=&#8221;1_3&#8243; _builder_version=&#8221;4.20.0&#8243; _module_preset=&#8221;default&#8221; global_colors_info=&#8221;{}&#8221;][et_pb_code _builder_version=&#8221;4.20.0&#8243; _module_preset=&#8221;default&#8221; global_colors_info=&#8221;{}&#8221;]<!-- tutiempo.net - Ancho:300px - Alto:411px --><!-- [et_pb_line_break_holder] --><iframe style=\"border: none; overflow: hidden; width: 300px; height: 411px;\" src=\"https:\/\/www.tutiempo.net\/s-widget\/app\/?LocId=4216&#038;sc=1\" frameborder=\"0\" scrolling=\"no\" data-mce-fragment=\"1\"><\/iframe>[\/et_pb_code][\/et_pb_column][et_pb_column type=&#8221;1_3&#8243; _builder_version=&#8221;4.20.0&#8243; _module_preset=&#8221;default&#8221; global_colors_info=&#8221;{}&#8221;][et_pb_code _builder_version=&#8221;4.20.0&#8243; _module_preset=&#8221;default&#8221; global_colors_info=&#8221;{}&#8221;]<\/p>\n<div id=\"c_82340c9cfad3f7278579127dd0895b23\" class=\"delgado\"><\/div>\n<p><!-- [et_pb_line_break_holder] --><script type=\"text\/javascript\" src=\"https:\/\/www.eltiempo.es\/widget\/widget_loader\/82340c9cfad3f7278579127dd0895b23\"><\/script>[\/et_pb_code][\/et_pb_column][\/et_pb_row][et_pb_row _builder_version=&#8221;4.20.0&#8243; _module_preset=&#8221;default&#8221; global_colors_info=&#8221;{}&#8221;][et_pb_column type=&#8221;4_4&#8243; _builder_version=&#8221;4.20.0&#8243; _module_preset=&#8221;default&#8221; global_colors_info=&#8221;{}&#8221;][et_pb_text _builder_version=&#8221;4.24.2&#8243; _module_preset=&#8221;default&#8221; hover_enabled=&#8221;0&#8243; global_colors_info=&#8221;{}&#8221; sticky_enabled=&#8221;0&#8243;]<\/p>\n<h2><strong>Temperature in Baqueira Beret<\/strong><\/h2>\n<p>Daytime temperatures can vary greatly throughout the year. During the summer months, temperatures can reach 27 degrees Celsius, while in the winter months they can drop to -7 degrees Celsius. At night, the temperature drops considerably and can reach -12 degrees Celsius. It is important to plan your trip accordingly, as the weather can change rapidly.<\/p>\n<h2><strong>Wind and precipitation in Baqueira Beret<\/strong><\/h2>\n<p>The wind is usually present all year round, but it is most commonly felt during the winter months. The wind can reach up to 32 km\/h and precipitation can vary from light rain to snow. The type of precipitation will depend on the season and temperature. In general, you can expect to receive between 2 and 4 cm of snow per year.<\/p>\n<h2><strong>Wind chill in Baqueira Beret<\/strong><\/h2>\n<p>It is important to bear in mind that wind chill is different from the actual temperature. Wind chill is a measure of the subjective thermal perception of an environment and is the main factor to take into account when dressing for your ski trip. Wind chill can reach as low as -7 degrees Celsius and it is important to dress appropriately.<\/p>\n<h2><strong>Snow report in Baqueira Beret<\/strong><\/h2>\n<p>The snow report refers to the amount of snow that has accumulated on the slopes of Baqueira Beret. It is an important factor to take into account when planning your ski trip, as it can affect the condition of the slopes and the type of skiing you can do. The amount of snowfall can vary from season to season and it is important to check the amount of snow before setting off.<\/p>\n<h2><strong>Weather Forecast for Baqueira Beret<\/strong><\/h2>\n<p>Before planning your trip to Baqueira Beret, it&#8217;s worth checking the weather forecast for the days you plan to be there. The weather forecast can tell you what temperature to expect, whether it&#8217;s windy or calm and when and how much rainfall is likely.<\/p>\n<p>&nbsp;<\/p>\n<p>Baqueira Beret is one of Spain&#8217;s most popular ski resorts and offers a wide range of activities to suit all tastes. The weather in Baqueira Beret can vary significantly throughout the year, with temperatures ranging from -7 degrees Celsius in winter to 27 degrees Celsius in summer. Precipitation and wind can also vary, so it is important to check the weather forecast before heading out. It is also important to consider the ambient wind chill and snowfall when planning your trip.<\/p>\n<p>[\/et_pb_text][\/et_pb_column][\/et_pb_row][\/et_pb_section]<\/p>\n","protected":false},"excerpt":{"rendered":"<p>The weather in Baqueira Beret Baqueira-Beret is one of the most important ski resorts in the Spanish province of Lleida. It offers a wide range of activities and attractions for all tastes. The weather in Baqueira Beret is very peculiar, among others. The area enjoys an average of 250 days of sunshine a year, making [&hellip;]<\/p>\n","protected":false},"author":3,"featured_media":3460,"parent":0,"menu_order":0,"comment_status":"closed","ping_status":"closed","template":"","meta":{"_et_pb_use_builder":"on","_et_pb_old_content":"<p>[et_pb_section fb_built=\"1\" _builder_version=\"4.20.0\" _module_preset=\"default\" global_colors_info=\"{}\"][et_pb_row column_structure=\"3_5,2_5\" _builder_version=\"4.20.0\" _dynamic_attributes=\"background_image\" _module_preset=\"default\" background_color=\"rgba(255,255,255,0.2)\" background_image=\"@ET-DC@eyJkeW5hbWljIjp0cnVlLCJjb250ZW50IjoicG9zdF9mZWF0dXJlZF9pbWFnZSIsInNldHRpbmdzIjp7fX0=@\" background_position=\"bottom_left\" background_blend=\"difference\" global_colors_info=\"{}\"][et_pb_column type=\"3_5\" _builder_version=\"4.20.0\" _module_preset=\"default\" global_colors_info=\"{}\"][et_pb_code _builder_version=\"4.20.0\" _module_preset=\"default\" global_colors_info=\"{}\"]<iframe id=\"iframe_aemet_id33044\" tabindex=\"0\" src=\"https:\/\/www.aemet.es\/es\/eltiempo\/prediccion\/municipios\/mostrarwidget\/naut-aran-salardu-id25025?w=g4p11111111ovmffffffw552z506x4f86d9t95b6e9r1s8n2\" name=\"iframe_aemet_id33044\" width=\"100%\" height=\"100%\" frameborder=\"0\" scrolling=\"no\" data-mce-fragment=\"1\"><\/iframe>[\/et_pb_code][\/et_pb_column][et_pb_column type=\"2_5\" _builder_version=\"4.20.0\" _module_preset=\"default\" background_color=\"rgba(255,255,255,0.66)\" custom_padding=\"14px|17px||17px|false|false\" global_colors_info=\"{}\"][et_pb_text _builder_version=\"4.22.2\" _module_preset=\"default\" hover_enabled=\"0\" global_colors_info=\"{}\" sticky_enabled=\"0\"]<\/p><h1>El tiempo en Baqueira Beret<\/h1><p>Baqueira-Beret es una de las estaciones de esqu\u00ed m\u00e1s importantes de la provincia espa\u00f1ola de Lleida. Ofrece una amplia gama de actividades y atracciones para todos los gustos. El tiempo Baqueira Beret es muy peculiar, entre otros.<\/p><p>La zona goza de una media de 250 d\u00edas de sol al a\u00f1o, lo que la convierte en uno de los destinos m\u00e1s populares para unas vacaciones de esqu\u00ed en Espa\u00f1a. Si quieres aprender a esquiar en una <a title=\"escuela esqui Baqueira\" href=\"https:\/\/skifamily.es\">escuela de esqui en Baqueira Beret<\/a> te interesar\u00e1 saber \u00bfQu\u00e9 <strong>tiempo<\/strong> hace en <strong>Baqueira Beret<\/strong>? ve\u00e1moslo.<\/p><p>[\/et_pb_text][\/et_pb_column][\/et_pb_row][et_pb_row column_structure=\"1_3,1_3,1_3\" _builder_version=\"4.20.0\" _module_preset=\"default\" global_colors_info=\"{}\"][et_pb_column type=\"1_3\" _builder_version=\"4.20.0\" _module_preset=\"default\" global_colors_info=\"{}\"][et_pb_image src=\"https:\/\/skifamily.es\/wp-content\/uploads\/2023\/03\/tiempo-baqueira-beret.jpg\" alt=\"tiempo baqueira beret\" title_text=\"tiempo-baqueira-beret\" _builder_version=\"4.20.0\" _module_preset=\"default\" global_colors_info=\"{}\"][\/et_pb_image][\/et_pb_column][et_pb_column type=\"1_3\" _builder_version=\"4.20.0\" _module_preset=\"default\" global_colors_info=\"{}\"][et_pb_code _builder_version=\"4.20.0\" _module_preset=\"default\" global_colors_info=\"{}\"]<!-- tutiempo.net - Ancho:300px - Alto:411px --><!-- [et_pb_line_break_holder] --><iframe style=\"border: none; overflow: hidden; width: 300px; height: 411px;\" src=\"https:\/\/www.tutiempo.net\/s-widget\/app\/?LocId=4216&sc=1\" frameborder=\"0\" scrolling=\"no\" data-mce-fragment=\"1\"><\/iframe>[\/et_pb_code][\/et_pb_column][et_pb_column type=\"1_3\" _builder_version=\"4.20.0\" _module_preset=\"default\" global_colors_info=\"{}\"][et_pb_code _builder_version=\"4.20.0\" _module_preset=\"default\" global_colors_info=\"{}\"]<\/p><div id=\"c_82340c9cfad3f7278579127dd0895b23\" class=\"delgado\">\u00a0<\/div><p><script type=\"text\/javascript\" src=\"https:\/\/www.eltiempo.es\/widget\/widget_loader\/82340c9cfad3f7278579127dd0895b23\"><\/script>[\/et_pb_code][\/et_pb_column][\/et_pb_row][et_pb_row _builder_version=\"4.20.0\" _module_preset=\"default\" global_colors_info=\"{}\"][et_pb_column type=\"4_4\" _builder_version=\"4.20.0\" _module_preset=\"default\" global_colors_info=\"{}\"][et_pb_text _builder_version=\"4.22.2\" _module_preset=\"default\" hover_enabled=\"0\" global_colors_info=\"{}\" sticky_enabled=\"0\"]<\/p><h2>Temperatura en Baqueira Beret<\/h2><p>Las temperaturas diurnas pueden variar mucho a lo largo del a\u00f1o. Durante los meses de verano, las temperaturas pueden alcanzar los 27 grados cent\u00edgrados, mientras que en los meses de invierno pueden bajar hasta los -7 grados cent\u00edgrados. Por la noche, la temperatura desciende considerablemente y puede llegar a -12 grados Celsius. Es importante que planifiques tu viaje en consecuencia, ya que el tiempo puede cambiar r\u00e1pidamente.<\/p><h2>Viento y precipitaciones en Baqueira Beret<\/h2><p>El viento suele estar presente durante todo el a\u00f1o, pero es m\u00e1s com\u00fan que se deje sentir durante los meses de invierno. El viento puede alcanzar hasta 32 km\/h y las precipitaciones pueden variar de lluvia ligera a nieve. El tipo de precipitaci\u00f3n depender\u00e1 de la estaci\u00f3n y de la temperatura. En general, puedes esperar recibir entre 2 y 4 cm de nieve al a\u00f1o.<\/p><h2>Sensaci\u00f3n T\u00e9rmica en Baqueira Beret<\/h2><p>Es importante tener en cuenta que la sensaci\u00f3n t\u00e9rmica es diferente de la temperatura real. La sensaci\u00f3n t\u00e9rmica es una medida de la percepci\u00f3n t\u00e9rmica subjetiva de un entorno y es el principal factor a tener en cuenta a la hora de vestirte para tu viaje de esqu\u00ed. La sensaci\u00f3n t\u00e9rmica puede alcanzar hasta -7 grados Celsius y es importante vestirse adecuadamente.<\/p><h2>Parte de Nieve en Baqueira Beret<\/h2><p>La parte de nieve se refiere a la cantidad de nieve que se ha acumulado en las pistas de Baqueira Beret. Es un factor importante que debes tener en cuenta al planificar tu viaje de esqu\u00ed, ya que puede afectar al estado de las pistas y al tipo de esqu\u00ed que puedes practicar. La cantidad de nieve ca\u00edda puede variar de una temporada a otra y es importante comprobar la parte de nieve antes de salir.<\/p><h2>Previsi\u00f3n Meteorol\u00f3gica para Baqueira Beret<\/h2><p>Antes de planificar tu viaje a Baqueira Beret, merece la pena comprobar la previsi\u00f3n meteorol\u00f3gica para los d\u00edas que tengas previsto estar all\u00ed. La previsi\u00f3n meteorol\u00f3gica puede decirte qu\u00e9 temperatura puedes esperar, si hay viento o calma y cu\u00e1ndo y cu\u00e1ntas precipitaciones son probables.<\/p><h2>En Resumen<\/h2><p>Baqueira Beret es una de las estaciones de esqu\u00ed m\u00e1s populares de Espa\u00f1a y ofrece una amplia gama de actividades para todos los gustos. El tiempo en Baqueira Beret puede variar significativamente a lo largo del a\u00f1o, con temperaturas que oscilan entre los -7 grados cent\u00edgrados en invierno y los 27 grados cent\u00edgrados en verano. Las precipitaciones y el viento tambi\u00e9n pueden variar, por lo que es importante comprobar la previsi\u00f3n meteorol\u00f3gica antes de salir. Tambi\u00e9n es importante tener en cuenta la sensaci\u00f3n t\u00e9rmica del ambiente y la parte de nieve al planificar tu viaje.<\/p><p>[\/et_pb_text][\/et_pb_column][\/et_pb_row][\/et_pb_section]<\/p>","_et_gb_content_width":"","footnotes":""},"tags":[],"class_list":["post-4333","page","type-page","status-publish","has-post-thumbnail","hentry"],"_links":{"self":[{"href":"https:\/\/skifamily.es\/en\/wp-json\/wp\/v2\/pages\/4333","targetHints":{"allow":["GET"]}}],"collection":[{"href":"https:\/\/skifamily.es\/en\/wp-json\/wp\/v2\/pages"}],"about":[{"href":"https:\/\/skifamily.es\/en\/wp-json\/wp\/v2\/types\/page"}],"author":[{"embeddable":true,"href":"https:\/\/skifamily.es\/en\/wp-json\/wp\/v2\/users\/3"}],"replies":[{"embeddable":true,"href":"https:\/\/skifamily.es\/en\/wp-json\/wp\/v2\/comments?post=4333"}],"version-history":[{"count":0,"href":"https:\/\/skifamily.es\/en\/wp-json\/wp\/v2\/pages\/4333\/revisions"}],"wp:featuredmedia":[{"embeddable":true,"href":"https:\/\/skifamily.es\/en\/wp-json\/wp\/v2\/media\/3460"}],"wp:attachment":[{"href":"https:\/\/skifamily.es\/en\/wp-json\/wp\/v2\/media?parent=4333"}],"wp:term":[{"taxonomy":"post_tag","embeddable":true,"href":"https:\/\/skifamily.es\/en\/wp-json\/wp\/v2\/tags?post=4333"}],"curies":[{"name":"wp","href":"https:\/\/api.w.org\/{rel}","templated":true}]}}